{"id":166,"date":"2024-10-09T15:54:17","date_gmt":"2024-10-09T15:54:17","guid":{"rendered":"https:\/\/esraercankuafor.com\/?page_id=166"},"modified":"2024-10-09T17:08:22","modified_gmt":"2024-10-09T17:08:22","slug":"hizmetlerimiz","status":"publish","type":"page","link":"https:\/\/esraercankuafor.com\/?page_id=166","title":{"rendered":"Hizmetlerimiz"},"content":{"rendered":"\t\t<div data-elementor-type=\"wp-page\" data-elementor-id=\"166\" class=\"elementor elementor-166\">\n\t\t\t\t<div class=\"elementor-element elementor-element-240b68c5 e-flex e-con-boxed e-con e-parent\" data-id=\"240b68c5\" data-element_type=\"container\" data-settings=\"{&quot;background_background&quot;:&quot;classic&quot;}\">\n\t\t\t\t\t<div class=\"e-con-inner\">\n\t\t<div class=\"elementor-element elementor-element-1d282c36 e-con-full e-flex e-con e-child\" data-id=\"1d282c36\" data-element_type=\"container\">\n\t\t\t\t<\/div>\n\t\t<div class=\"elementor-element elementor-element-16990c0e e-con-full e-flex e-con e-child\" data-id=\"16990c0e\" data-element_type=\"container\">\n\t\t\t\t<div class=\"elementor-element elementor-element-623c006f elementor-widget elementor-widget-heading\" data-id=\"623c006f\" data-element_type=\"widget\" data-widget_type=\"heading.default\">\n\t\t\t\t<div class=\"elementor-widget-container\">\n\t\t\t<h2 class=\"elementor-heading-title elementor-size-default\">Hizmetlerimiz<\/h2>\t\t<\/div>\n\t\t\t\t<\/div>\n\t\t\t\t<\/div>\n\t\t<div class=\"elementor-element elementor-element-5988946c e-con-full e-flex e-con e-child\" data-id=\"5988946c\" data-element_type=\"container\">\n\t\t\t\t<\/div>\n\t\t<div class=\"elementor-element elementor-element-25b70ac4 e-con-full e-flex e-con e-child\" data-id=\"25b70ac4\" data-element_type=\"container\">\n\t\t\t\t<\/div>\n\t\t\t\t\t<\/div>\n\t\t\t\t<\/div>\n\t\t<div class=\"elementor-element elementor-element-17dbdd75 e-flex e-con-boxed e-con e-parent\" data-id=\"17dbdd75\" data-element_type=\"container\" data-settings=\"{&quot;background_background&quot;:&quot;classic&quot;}\">\n\t\t\t\t\t<div class=\"e-con-inner\">\n\t\t\t\t<div class=\"elementor-element elementor-element-629566e4 elementor-widget elementor-widget-heading\" data-id=\"629566e4\" data-element_type=\"widget\" data-widget_type=\"heading.default\">\n\t\t\t\t<div class=\"elementor-widget-container\">\n\t\t\t<h2 class=\"elementor-heading-title elementor-size-default\">Hizmetlerimiz<\/h2>\t\t<\/div>\n\t\t\t\t<\/div>\n\t\t\t\t<div class=\"elementor-element elementor-element-1189d1c5 elementor-widget-divider--view-line elementor-widget elementor-widget-divider\" data-id=\"1189d1c5\" data-element_type=\"widget\" data-widget_type=\"divider.default\">\n\t\t\t\t<div class=\"elementor-widget-container\">\n\t\t\t\t\t<div class=\"elementor-divider\">\n\t\t\t<span class=\"elementor-divider-separator\">\n\t\t\t\t\t\t<\/span>\n\t\t<\/div>\n\t\t\t\t<\/div>\n\t\t\t\t<\/div>\n\t\t\t\t<div class=\"elementor-element elementor-element-7b7bf113 elementor-widget elementor-widget-text-editor\" data-id=\"7b7bf113\" data-element_type=\"widget\" data-widget_type=\"text-editor.default\">\n\t\t\t\t<div class=\"elementor-widget-container\">\n\t\t\t\t\t\t\t<h3><strong>G\u00fczelli\u011finizi Yenileyin: Kuaf\u00f6r Hizmetlerimizle Tan\u0131\u015f\u0131n<\/strong><\/h3><p>Her kad\u0131n, kendini \u00f6zel hissetmeyi ve g\u00fczelli\u011fini ortaya \u00e7\u0131karmay\u0131 hak eder. \u0130\u015fte bu y\u00fczden kuaf\u00f6r salonumuzda sundu\u011fumuz hizmetler, tam da sizin ihtiya\u00e7lar\u0131n\u0131za g\u00f6re tasarland\u0131.<\/p><p><strong>Sa\u00e7 Kesimi ve \u015eekillendirme:<\/strong> Uzman kuaf\u00f6rlerimiz, y\u00fcz \u015feklinize ve tarz\u0131n\u0131za uygun kesim ve \u015fekillendirme hizmetleri ile g\u00f6r\u00fcn\u00fcm\u00fcn\u00fcz\u00fc yenileyecek. K\u0131sa, uzun veya katl\u0131 kesimler&#8230; Hayalinizdeki sa\u00e7\u0131 yaratmak i\u00e7in buraday\u0131z!<\/p><p><strong>Renklendirme:<\/strong> Sa\u00e7 renginizdeki de\u011fi\u015fiklik, tarz\u0131n\u0131z\u0131 ve ki\u015fili\u011finizi yans\u0131tman\u0131n en etkili yollar\u0131ndan biridir. \u0130ster do\u011fal tonlar, ister cesur renkler tercih edin; en kaliteli \u00fcr\u00fcnlerle istedi\u011finiz sonucu elde etmenizi sa\u011fl\u0131yoruz.<\/p><p><strong>Bak\u0131m ve Onar\u0131m:<\/strong> Sa\u00e7lar\u0131n\u0131z\u0131n sa\u011fl\u0131kl\u0131 g\u00f6r\u00fcnmesi i\u00e7in bak\u0131m \u015fart! Sa\u00e7 tipinize uygun \u00f6zel bak\u0131m uygulamalar\u0131yla, sa\u00e7lar\u0131n\u0131z\u0131 canland\u0131r\u0131yor ve onar\u0131yoruz.<\/p><p><strong>\u00d6zel G\u00fcnler i\u00e7in Haz\u0131rl\u0131k:<\/strong> D\u00fc\u011f\u00fcn, ni\u015fan ya da \u00f6zel bir davet&#8230; \u00d6zel g\u00fcnlerinizde m\u00fckemmel g\u00f6r\u00fcnmek i\u00e7in profesyonel f\u00f6n ve topuz hizmetlerimizle yan\u0131n\u0131zday\u0131z. Hayalinizdeki sa\u00e7 modelini birlikte yaratabiliriz!<\/p><p>Her zaman en iyi hizmeti sunmay\u0131 hedefliyoruz. G\u00fczelli\u011finizi \u00f6n plana \u00e7\u0131karmak i\u00e7in sizi salonumuza bekliyoruz. Unutmay\u0131n, g\u00fczel bir sa\u00e7, g\u00fczel bir g\u00fcn demektir!<\/p>\t\t\t\t\t\t<\/div>\n\t\t\t\t<\/div>\n\t\t<div class=\"elementor-element elementor-element-73bb7ea2 e-con-full e-grid e-con e-child\" data-id=\"73bb7ea2\" data-element_type=\"container\">\n\t\t\t\t<div class=\"elementor-element elementor-element-7fc06eaf elementor-widget elementor-widget-image\" data-id=\"7fc06eaf\" data-element_type=\"widget\" data-widget_type=\"image.default\">\n\t\t\t\t<div class=\"elementor-widget-container\">\n\t\t\t\t\t\t\t\t\t\t\t\t\t<img fetchpriority=\"high\" decoding=\"async\" width=\"800\" height=\"524\" src=\"https:\/\/esraercankuafor.com\/wp-content\/uploads\/2024\/10\/service-img1-1024x671.jpg\" class=\"elementor-animation-rotate attachment-large size-large wp-image-69\" alt=\"\" srcset=\"https:\/\/esraercankuafor.com\/wp-content\/uploads\/2024\/10\/service-img1-1024x671.jpg 1024w, https:\/\/esraercankuafor.com\/wp-content\/uploads\/2024\/10\/service-img1-300x197.jpg 300w, https:\/\/esraercankuafor.com\/wp-content\/uploads\/2024\/10\/service-img1-768x503.jpg 768w, https:\/\/esraercankuafor.com\/wp-content\/uploads\/2024\/10\/service-img1.jpg 1170w\" sizes=\"(max-width: 800px) 100vw, 800px\" \/>\t\t\t\t\t\t\t\t\t\t\t\t\t<\/div>\n\t\t\t\t<\/div>\n\t\t\t\t<div class=\"elementor-element elementor-element-3fd7e2ef elementor-widget elementor-widget-image\" data-id=\"3fd7e2ef\" data-element_type=\"widget\" data-widget_type=\"image.default\">\n\t\t\t\t<div class=\"elementor-widget-container\">\n\t\t\t\t\t\t\t\t\t\t\t\t\t<img decoding=\"async\" width=\"800\" height=\"369\" src=\"https:\/\/esraercankuafor.com\/wp-content\/uploads\/2024\/10\/fonn-1024x472.png\" class=\"elementor-animation-rotate attachment-large size-large wp-image-97\" alt=\"\" srcset=\"https:\/\/esraercankuafor.com\/wp-content\/uploads\/2024\/10\/fonn-1024x472.png 1024w, https:\/\/esraercankuafor.com\/wp-content\/uploads\/2024\/10\/fonn-300x138.png 300w, https:\/\/esraercankuafor.com\/wp-content\/uploads\/2024\/10\/fonn-768x354.png 768w, https:\/\/esraercankuafor.com\/wp-content\/uploads\/2024\/10\/fonn.png 1046w\" sizes=\"(max-width: 800px) 100vw, 800px\" \/>\t\t\t\t\t\t\t\t\t\t\t\t\t<\/div>\n\t\t\t\t<\/div>\n\t\t\t\t<div class=\"elementor-element elementor-element-320b221c elementor-widget elementor-widget-image\" data-id=\"320b221c\" data-element_type=\"widget\" data-widget_type=\"image.default\">\n\t\t\t\t<div class=\"elementor-widget-container\">\n\t\t\t\t\t\t\t\t\t\t\t\t\t<img decoding=\"async\" width=\"800\" height=\"524\" src=\"https:\/\/esraercankuafor.com\/wp-content\/uploads\/2024\/10\/service-img3-1-1024x671.jpg\" class=\"elementor-animation-rotate attachment-large size-large wp-image-101\" alt=\"\" srcset=\"https:\/\/esraercankuafor.com\/wp-content\/uploads\/2024\/10\/service-img3-1-1024x671.jpg 1024w, https:\/\/esraercankuafor.com\/wp-content\/uploads\/2024\/10\/service-img3-1-300x197.jpg 300w, https:\/\/esraercankuafor.com\/wp-content\/uploads\/2024\/10\/service-img3-1-768x503.jpg 768w, https:\/\/esraercankuafor.com\/wp-content\/uploads\/2024\/10\/service-img3-1.jpg 1170w\" sizes=\"(max-width: 800px) 100vw, 800px\" \/>\t\t\t\t\t\t\t\t\t\t\t\t\t<\/div>\n\t\t\t\t<\/div>\n\t\t\t\t<div class=\"elementor-element elementor-element-56afdc58 elementor-align-center elementor-icon-list--layout-traditional elementor-list-item-link-full_width elementor-widget elementor-widget-icon-list\" data-id=\"56afdc58\" data-element_type=\"widget\" data-widget_type=\"icon-list.default\">\n\t\t\t\t<div class=\"elementor-widget-container\">\n\t\t\t\t\t<ul class=\"elementor-icon-list-items\">\n\t\t\t\t\t\t\t<li class=\"elementor-icon-list-item\">\n\t\t\t\t\t\t\t\t\t\t<span class=\"elementor-icon-list-text\">Kesme & \u015eekilendirme <\/span>\n\t\t\t\t\t\t\t\t\t<\/li>\n\t\t\t\t\t\t<\/ul>\n\t\t\t\t<\/div>\n\t\t\t\t<\/div>\n\t\t\t\t<div class=\"elementor-element elementor-element-72811912 elementor-align-center elementor-icon-list--layout-traditional elementor-list-item-link-full_width elementor-widget elementor-widget-icon-list\" data-id=\"72811912\" data-element_type=\"widget\" data-widget_type=\"icon-list.default\">\n\t\t\t\t<div class=\"elementor-widget-container\">\n\t\t\t\t\t<ul class=\"elementor-icon-list-items\">\n\t\t\t\t\t\t\t<li class=\"elementor-icon-list-item\">\n\t\t\t\t\t\t\t\t\t\t<span class=\"elementor-icon-list-text\">F\u00f6n \u00c7ekimi<\/span>\n\t\t\t\t\t\t\t\t\t<\/li>\n\t\t\t\t\t\t<\/ul>\n\t\t\t\t<\/div>\n\t\t\t\t<\/div>\n\t\t\t\t<div class=\"elementor-element elementor-element-523c7cb6 elementor-align-center elementor-icon-list--layout-traditional elementor-list-item-link-full_width elementor-widget elementor-widget-icon-list\" data-id=\"523c7cb6\" data-element_type=\"widget\" data-widget_type=\"icon-list.default\">\n\t\t\t\t<div class=\"elementor-widget-container\">\n\t\t\t\t\t<ul class=\"elementor-icon-list-items\">\n\t\t\t\t\t\t\t<li class=\"elementor-icon-list-item\">\n\t\t\t\t\t\t\t\t\t\t<span class=\"elementor-icon-list-text\">Boya R\u00f6fle<\/span>\n\t\t\t\t\t\t\t\t\t<\/li>\n\t\t\t\t\t\t<\/ul>\n\t\t\t\t<\/div>\n\t\t\t\t<\/div>\n\t\t\t\t<div class=\"elementor-element elementor-element-66a2f742 elementor-widget elementor-widget-image\" data-id=\"66a2f742\" data-element_type=\"widget\" data-widget_type=\"image.default\">\n\t\t\t\t<div class=\"elementor-widget-container\">\n\t\t\t\t\t\t\t\t\t\t\t\t\t<img loading=\"lazy\" decoding=\"async\" width=\"47\" height=\"38\" src=\"https:\/\/esraercankuafor.com\/wp-content\/uploads\/2024\/10\/service-icon1.png\" class=\"attachment-medium size-medium wp-image-70\" alt=\"\" \/>\t\t\t\t\t\t\t\t\t\t\t\t\t<\/div>\n\t\t\t\t<\/div>\n\t\t\t\t<div class=\"elementor-element elementor-element-6bea9cba elementor-widget elementor-widget-image\" data-id=\"6bea9cba\" data-element_type=\"widget\" data-widget_type=\"image.default\">\n\t\t\t\t<div class=\"elementor-widget-container\">\n\t\t\t\t\t\t\t\t\t\t\t\t\t<img loading=\"lazy\" decoding=\"async\" width=\"47\" height=\"38\" src=\"https:\/\/esraercankuafor.com\/wp-content\/uploads\/2024\/10\/service-icon3.png\" class=\"attachment-medium size-medium wp-image-72\" alt=\"\" \/>\t\t\t\t\t\t\t\t\t\t\t\t\t<\/div>\n\t\t\t\t<\/div>\n\t\t\t\t<div class=\"elementor-element elementor-element-3bfddbb1 elementor-widget elementor-widget-image\" data-id=\"3bfddbb1\" data-element_type=\"widget\" data-widget_type=\"image.default\">\n\t\t\t\t<div class=\"elementor-widget-container\">\n\t\t\t\t\t\t\t\t\t\t\t\t\t<img loading=\"lazy\" decoding=\"async\" width=\"47\" height=\"38\" src=\"https:\/\/esraercankuafor.com\/wp-content\/uploads\/2024\/10\/service-icon4.png\" class=\"attachment-medium size-medium wp-image-73\" alt=\"\" \/>\t\t\t\t\t\t\t\t\t\t\t\t\t<\/div>\n\t\t\t\t<\/div>\n\t\t\t\t<div class=\"elementor-element elementor-element-2005608b elementor-align-center elementor-widget elementor-widget-button\" data-id=\"2005608b\" data-element_type=\"widget\" data-widget_type=\"button.default\">\n\t\t\t\t<div class=\"elementor-widget-container\">\n\t\t\t\t\t<div class=\"elementor-button-wrapper\">\n\t\t\t<a class=\"elementor-button elementor-button-link elementor-size-sm elementor-animation-grow\" href=\"https:\/\/wa.me\/+905534485500\">\n\t\t\t\t\t\t<span class=\"elementor-button-content-wrapper\">\n\t\t\t\t\t\t\t\t\t<span class=\"elementor-button-text\">WhatApps<\/span>\n\t\t\t\t\t<\/span>\n\t\t\t\t\t<\/a>\n\t\t<\/div>\n\t\t\t\t<\/div>\n\t\t\t\t<\/div>\n\t\t\t\t<div class=\"elementor-element elementor-element-2b8da4a5 elementor-align-center elementor-widget elementor-widget-button\" data-id=\"2b8da4a5\" data-element_type=\"widget\" data-widget_type=\"button.default\">\n\t\t\t\t<div class=\"elementor-widget-container\">\n\t\t\t\t\t<div class=\"elementor-button-wrapper\">\n\t\t\t<a class=\"elementor-button elementor-button-link elementor-size-sm elementor-animation-grow\" href=\"https:\/\/wa.me\/+905534485500\">\n\t\t\t\t\t\t<span class=\"elementor-button-content-wrapper\">\n\t\t\t\t\t\t\t\t\t<span class=\"elementor-button-text\">WhatApps<\/span>\n\t\t\t\t\t<\/span>\n\t\t\t\t\t<\/a>\n\t\t<\/div>\n\t\t\t\t<\/div>\n\t\t\t\t<\/div>\n\t\t\t\t<div class=\"elementor-element elementor-element-1730efc3 elementor-align-center elementor-widget elementor-widget-button\" data-id=\"1730efc3\" data-element_type=\"widget\" data-widget_type=\"button.default\">\n\t\t\t\t<div class=\"elementor-widget-container\">\n\t\t\t\t\t<div class=\"elementor-button-wrapper\">\n\t\t\t<a class=\"elementor-button elementor-button-link elementor-size-sm elementor-animation-grow\" href=\"https:\/\/wa.me\/+905534485500\">\n\t\t\t\t\t\t<span class=\"elementor-button-content-wrapper\">\n\t\t\t\t\t\t\t\t\t<span class=\"elementor-button-text\">WhatApps<\/span>\n\t\t\t\t\t<\/span>\n\t\t\t\t\t<\/a>\n\t\t<\/div>\n\t\t\t\t<\/div>\n\t\t\t\t<\/div>\n\t\t\t\t<\/div>\n\t\t\t\t\t<\/div>\n\t\t\t\t<\/div>\n\t\t\t\t<\/div>\n\t\t","protected":false},"excerpt":{"rendered":"<p>Hizmetlerimiz Hizmetlerimiz G\u00fczelli\u011finizi Yenileyin: Kuaf\u00f6r Hizmetlerimizle Tan\u0131\u015f\u0131n Her kad\u0131n, kendini \u00f6zel hissetmeyi ve g\u00fczelli\u011fini ortaya \u00e7\u0131karmay\u0131 hak eder. \u0130\u015fte bu y\u00fczden kuaf\u00f6r salonumuzda sundu\u011fumuz hizmetler, tam da sizin ihtiya\u00e7lar\u0131n\u0131za g\u00f6re tasarland\u0131. Sa\u00e7 Kesimi ve \u015eekillendirme: Uzman kuaf\u00f6rlerimiz, y\u00fcz \u015feklinize ve tarz\u0131n\u0131za uygun kesim ve \u015fekillendirme hizmetleri ile g\u00f6r\u00fcn\u00fcm\u00fcn\u00fcz\u00fc yenileyecek. K\u0131sa, uzun veya katl\u0131 kesimler&#8230; Hayalinizdeki [&hellip;]<\/p>\n","protected":false},"author":1,"featured_media":0,"parent":0,"menu_order":0,"comment_status":"closed","ping_status":"closed","template":"elementor_header_footer","meta":{"footnotes":""},"class_list":["post-166","page","type-page","status-publish","hentry"],"yoast_head":"<!-- This site is optimized with the Yoast SEO plugin v23.6 - https:\/\/yoast.com\/wordpress\/plugins\/seo\/ -->\n<title>Hizmetlerimiz - Esra Ercan Bayan Kuaf\u00f6r\u00fc<\/title>\n<meta name=\"robots\" content=\"index, follow, max-snippet:-1, max-image-preview:large, max-video-preview:-1\" \/>\n<link rel=\"canonical\" href=\"https:\/\/esraercankuafor.com\/?page_id=166\" \/>\n<meta property=\"og:locale\" content=\"tr_TR\" \/>\n<meta property=\"og:type\" content=\"article\" \/>\n<meta property=\"og:title\" content=\"Hizmetlerimiz - Esra Ercan Bayan Kuaf\u00f6r\u00fc\" \/>\n<meta property=\"og:description\" content=\"Hizmetlerimiz Hizmetlerimiz G\u00fczelli\u011finizi Yenileyin: Kuaf\u00f6r Hizmetlerimizle Tan\u0131\u015f\u0131n Her kad\u0131n, kendini \u00f6zel hissetmeyi ve g\u00fczelli\u011fini ortaya \u00e7\u0131karmay\u0131 hak eder. \u0130\u015fte bu y\u00fczden kuaf\u00f6r salonumuzda sundu\u011fumuz hizmetler, tam da sizin ihtiya\u00e7lar\u0131n\u0131za g\u00f6re tasarland\u0131. Sa\u00e7 Kesimi ve \u015eekillendirme: Uzman kuaf\u00f6rlerimiz, y\u00fcz \u015feklinize ve tarz\u0131n\u0131za uygun kesim ve \u015fekillendirme hizmetleri ile g\u00f6r\u00fcn\u00fcm\u00fcn\u00fcz\u00fc yenileyecek. K\u0131sa, uzun veya katl\u0131 kesimler&#8230; Hayalinizdeki [&hellip;]\" \/>\n<meta property=\"og:url\" content=\"https:\/\/esraercankuafor.com\/?page_id=166\" \/>\n<meta property=\"og:site_name\" content=\"Esra Ercan Bayan Kuaf\u00f6r\u00fc\" \/>\n<meta property=\"article:publisher\" content=\"http:\/\/instagram.com\/\" \/>\n<meta property=\"article:modified_time\" content=\"2024-10-09T17:08:22+00:00\" \/>\n<meta property=\"og:image\" content=\"https:\/\/esraercankuafor.com\/wp-content\/uploads\/2024\/10\/service-img1-1024x671.jpg\" \/>\n<meta name=\"twitter:card\" content=\"summary_large_image\" \/>\n<meta name=\"twitter:label1\" content=\"Tahmini okuma s\u00fcresi\" \/>\n\t<meta name=\"twitter:data1\" content=\"1 dakika\" \/>\n<script type=\"application\/ld+json\" class=\"yoast-schema-graph\">{\"@context\":\"https:\/\/schema.org\",\"@graph\":[{\"@type\":\"WebPage\",\"@id\":\"https:\/\/esraercankuafor.com\/?page_id=166\",\"url\":\"https:\/\/esraercankuafor.com\/?page_id=166\",\"name\":\"Hizmetlerimiz - Esra Ercan Bayan Kuaf\u00f6r\u00fc\",\"isPartOf\":{\"@id\":\"https:\/\/esraercankuafor.com\/#website\"},\"primaryImageOfPage\":{\"@id\":\"https:\/\/esraercankuafor.com\/?page_id=166#primaryimage\"},\"image\":{\"@id\":\"https:\/\/esraercankuafor.com\/?page_id=166#primaryimage\"},\"thumbnailUrl\":\"https:\/\/esraercankuafor.com\/wp-content\/uploads\/2024\/10\/service-img1-1024x671.jpg\",\"datePublished\":\"2024-10-09T15:54:17+00:00\",\"dateModified\":\"2024-10-09T17:08:22+00:00\",\"breadcrumb\":{\"@id\":\"https:\/\/esraercankuafor.com\/?page_id=166#breadcrumb\"},\"inLanguage\":\"tr\",\"potentialAction\":[{\"@type\":\"ReadAction\",\"target\":[\"https:\/\/esraercankuafor.com\/?page_id=166\"]}]},{\"@type\":\"ImageObject\",\"inLanguage\":\"tr\",\"@id\":\"https:\/\/esraercankuafor.com\/?page_id=166#primaryimage\",\"url\":\"https:\/\/esraercankuafor.com\/wp-content\/uploads\/2024\/10\/service-img1.jpg\",\"contentUrl\":\"https:\/\/esraercankuafor.com\/wp-content\/uploads\/2024\/10\/service-img1.jpg\",\"width\":1170,\"height\":767},{\"@type\":\"BreadcrumbList\",\"@id\":\"https:\/\/esraercankuafor.com\/?page_id=166#breadcrumb\",\"itemListElement\":[{\"@type\":\"ListItem\",\"position\":1,\"name\":\"Anasayfa\",\"item\":\"https:\/\/esraercankuafor.com\/\"},{\"@type\":\"ListItem\",\"position\":2,\"name\":\"Hizmetlerimiz\"}]},{\"@type\":\"WebSite\",\"@id\":\"https:\/\/esraercankuafor.com\/#website\",\"url\":\"https:\/\/esraercankuafor.com\/\",\"name\":\"Esra Ercan Bayan Kuaf\u00f6r\u00fc\",\"description\":\"\",\"publisher\":{\"@id\":\"https:\/\/esraercankuafor.com\/#organization\"},\"alternateName\":\"Izm\u0131r Kad\u0131n Kuaf\u00f6r\u00fc\",\"potentialAction\":[{\"@type\":\"SearchAction\",\"target\":{\"@type\":\"EntryPoint\",\"urlTemplate\":\"https:\/\/esraercankuafor.com\/?s={search_term_string}\"},\"query-input\":{\"@type\":\"PropertyValueSpecification\",\"valueRequired\":true,\"valueName\":\"search_term_string\"}}],\"inLanguage\":\"tr\"},{\"@type\":\"Organization\",\"@id\":\"https:\/\/esraercankuafor.com\/#organization\",\"name\":\"Esra Ercan Bayan Kuaf\u00f6r\u00fc\",\"alternateName\":\"Izmir Kad\u0131n Kuaf\u00f6r\u00fc\",\"url\":\"https:\/\/esraercankuafor.com\/\",\"logo\":{\"@type\":\"ImageObject\",\"inLanguage\":\"tr\",\"@id\":\"https:\/\/esraercankuafor.com\/#\/schema\/logo\/image\/\",\"url\":\"https:\/\/esraercankuafor.com\/wp-content\/uploads\/2024\/10\/logo.png\",\"contentUrl\":\"https:\/\/esraercankuafor.com\/wp-content\/uploads\/2024\/10\/logo.png\",\"width\":300,\"height\":98,\"caption\":\"Esra Ercan Bayan Kuaf\u00f6r\u00fc\"},\"image\":{\"@id\":\"https:\/\/esraercankuafor.com\/#\/schema\/logo\/image\/\"},\"sameAs\":[\"http:\/\/instagram.com\/\"]}]}<\/script>\n<!-- \/ Yoast SEO plugin. -->","yoast_head_json":{"title":"Hizmetlerimiz - Esra Ercan Bayan Kuaf\u00f6r\u00fc","robots":{"index":"index","follow":"follow","max-snippet":"max-snippet:-1","max-image-preview":"max-image-preview:large","max-video-preview":"max-video-preview:-1"},"canonical":"https:\/\/esraercankuafor.com\/?page_id=166","og_locale":"tr_TR","og_type":"article","og_title":"Hizmetlerimiz - Esra Ercan Bayan Kuaf\u00f6r\u00fc","og_description":"Hizmetlerimiz Hizmetlerimiz G\u00fczelli\u011finizi Yenileyin: Kuaf\u00f6r Hizmetlerimizle Tan\u0131\u015f\u0131n Her kad\u0131n, kendini \u00f6zel hissetmeyi ve g\u00fczelli\u011fini ortaya \u00e7\u0131karmay\u0131 hak eder. \u0130\u015fte bu y\u00fczden kuaf\u00f6r salonumuzda sundu\u011fumuz hizmetler, tam da sizin ihtiya\u00e7lar\u0131n\u0131za g\u00f6re tasarland\u0131. Sa\u00e7 Kesimi ve \u015eekillendirme: Uzman kuaf\u00f6rlerimiz, y\u00fcz \u015feklinize ve tarz\u0131n\u0131za uygun kesim ve \u015fekillendirme hizmetleri ile g\u00f6r\u00fcn\u00fcm\u00fcn\u00fcz\u00fc yenileyecek. K\u0131sa, uzun veya katl\u0131 kesimler&#8230; Hayalinizdeki [&hellip;]","og_url":"https:\/\/esraercankuafor.com\/?page_id=166","og_site_name":"Esra Ercan Bayan Kuaf\u00f6r\u00fc","article_publisher":"http:\/\/instagram.com\/","article_modified_time":"2024-10-09T17:08:22+00:00","og_image":[{"url":"https:\/\/esraercankuafor.com\/wp-content\/uploads\/2024\/10\/service-img1-1024x671.jpg"}],"twitter_card":"summary_large_image","twitter_misc":{"Tahmini okuma s\u00fcresi":"1 dakika"},"schema":{"@context":"https:\/\/schema.org","@graph":[{"@type":"WebPage","@id":"https:\/\/esraercankuafor.com\/?page_id=166","url":"https:\/\/esraercankuafor.com\/?page_id=166","name":"Hizmetlerimiz - Esra Ercan Bayan Kuaf\u00f6r\u00fc","isPartOf":{"@id":"https:\/\/esraercankuafor.com\/#website"},"primaryImageOfPage":{"@id":"https:\/\/esraercankuafor.com\/?page_id=166#primaryimage"},"image":{"@id":"https:\/\/esraercankuafor.com\/?page_id=166#primaryimage"},"thumbnailUrl":"https:\/\/esraercankuafor.com\/wp-content\/uploads\/2024\/10\/service-img1-1024x671.jpg","datePublished":"2024-10-09T15:54:17+00:00","dateModified":"2024-10-09T17:08:22+00:00","breadcrumb":{"@id":"https:\/\/esraercankuafor.com\/?page_id=166#breadcrumb"},"inLanguage":"tr","potentialAction":[{"@type":"ReadAction","target":["https:\/\/esraercankuafor.com\/?page_id=166"]}]},{"@type":"ImageObject","inLanguage":"tr","@id":"https:\/\/esraercankuafor.com\/?page_id=166#primaryimage","url":"https:\/\/esraercankuafor.com\/wp-content\/uploads\/2024\/10\/service-img1.jpg","contentUrl":"https:\/\/esraercankuafor.com\/wp-content\/uploads\/2024\/10\/service-img1.jpg","width":1170,"height":767},{"@type":"BreadcrumbList","@id":"https:\/\/esraercankuafor.com\/?page_id=166#breadcrumb","itemListElement":[{"@type":"ListItem","position":1,"name":"Anasayfa","item":"https:\/\/esraercankuafor.com\/"},{"@type":"ListItem","position":2,"name":"Hizmetlerimiz"}]},{"@type":"WebSite","@id":"https:\/\/esraercankuafor.com\/#website","url":"https:\/\/esraercankuafor.com\/","name":"Esra Ercan Bayan Kuaf\u00f6r\u00fc","description":"","publisher":{"@id":"https:\/\/esraercankuafor.com\/#organization"},"alternateName":"Izm\u0131r Kad\u0131n Kuaf\u00f6r\u00fc","potentialAction":[{"@type":"SearchAction","target":{"@type":"EntryPoint","urlTemplate":"https:\/\/esraercankuafor.com\/?s={search_term_string}"},"query-input":{"@type":"PropertyValueSpecification","valueRequired":true,"valueName":"search_term_string"}}],"inLanguage":"tr"},{"@type":"Organization","@id":"https:\/\/esraercankuafor.com\/#organization","name":"Esra Ercan Bayan Kuaf\u00f6r\u00fc","alternateName":"Izmir Kad\u0131n Kuaf\u00f6r\u00fc","url":"https:\/\/esraercankuafor.com\/","logo":{"@type":"ImageObject","inLanguage":"tr","@id":"https:\/\/esraercankuafor.com\/#\/schema\/logo\/image\/","url":"https:\/\/esraercankuafor.com\/wp-content\/uploads\/2024\/10\/logo.png","contentUrl":"https:\/\/esraercankuafor.com\/wp-content\/uploads\/2024\/10\/logo.png","width":300,"height":98,"caption":"Esra Ercan Bayan Kuaf\u00f6r\u00fc"},"image":{"@id":"https:\/\/esraercankuafor.com\/#\/schema\/logo\/image\/"},"sameAs":["http:\/\/instagram.com\/"]}]}},"_links":{"self":[{"href":"https:\/\/esraercankuafor.com\/index.php?rest_route=\/wp\/v2\/pages\/166","targetHints":{"allow":["GET"]}}],"collection":[{"href":"https:\/\/esraercankuafor.com\/index.php?rest_route=\/wp\/v2\/pages"}],"about":[{"href":"https:\/\/esraercankuafor.com\/index.php?rest_route=\/wp\/v2\/types\/page"}],"author":[{"embeddable":true,"href":"https:\/\/esraercankuafor.com\/index.php?rest_route=\/wp\/v2\/users\/1"}],"replies":[{"embeddable":true,"href":"https:\/\/esraercankuafor.com\/index.php?rest_route=%2Fwp%2Fv2%2Fcomments&post=166"}],"version-history":[{"count":7,"href":"https:\/\/esraercankuafor.com\/index.php?rest_route=\/wp\/v2\/pages\/166\/revisions"}],"predecessor-version":[{"id":246,"href":"https:\/\/esraercankuafor.com\/index.php?rest_route=\/wp\/v2\/pages\/166\/revisions\/246"}],"wp:attachment":[{"href":"https:\/\/esraercankuafor.com\/index.php?rest_route=%2Fwp%2Fv2%2Fmedia&parent=166"}],"curies":[{"name":"wp","href":"https:\/\/api.w.org\/{rel}","templated":true}]}}