{"id":208,"date":"2024-10-09T16:33:29","date_gmt":"2024-10-09T16:33:29","guid":{"rendered":"https:\/\/esraercankuafor.com\/?page_id=208"},"modified":"2024-10-11T12:22:20","modified_gmt":"2024-10-11T12:22:20","slug":"fiyatlar","status":"publish","type":"page","link":"https:\/\/esraercankuafor.com\/?page_id=208","title":{"rendered":"Fiyatlar"},"content":{"rendered":"\t\t<div data-elementor-type=\"wp-page\" data-elementor-id=\"208\" class=\"elementor elementor-208\">\n\t\t\t\t<div class=\"elementor-element elementor-element-239d7d21 e-flex e-con-boxed e-con e-parent\" data-id=\"239d7d21\" data-element_type=\"container\" data-settings=\"{&quot;background_background&quot;:&quot;classic&quot;}\">\n\t\t\t\t\t<div class=\"e-con-inner\">\n\t\t<div class=\"elementor-element elementor-element-bb54398 e-con-full e-flex e-con e-child\" data-id=\"bb54398\" data-element_type=\"container\">\n\t\t\t\t<\/div>\n\t\t<div class=\"elementor-element elementor-element-3e4bf9b2 e-con-full e-flex e-con e-child\" data-id=\"3e4bf9b2\" data-element_type=\"container\">\n\t\t\t\t<div class=\"elementor-element elementor-element-216c0693 elementor-widget elementor-widget-heading\" data-id=\"216c0693\" data-element_type=\"widget\" data-widget_type=\"heading.default\">\n\t\t\t\t<div class=\"elementor-widget-container\">\n\t\t\t<h2 class=\"elementor-heading-title elementor-size-default\">Fiyatlar<\/h2>\t\t<\/div>\n\t\t\t\t<\/div>\n\t\t\t\t<\/div>\n\t\t<div class=\"elementor-element elementor-element-76e9e3d4 e-con-full e-flex e-con e-child\" data-id=\"76e9e3d4\" data-element_type=\"container\">\n\t\t\t\t<\/div>\n\t\t<div class=\"elementor-element elementor-element-446798e9 e-con-full e-flex e-con e-child\" data-id=\"446798e9\" data-element_type=\"container\">\n\t\t\t\t<\/div>\n\t\t\t\t\t<\/div>\n\t\t\t\t<\/div>\n\t\t<div class=\"elementor-element elementor-element-fbf0a4e e-grid e-con-boxed e-con e-parent\" data-id=\"fbf0a4e\" data-element_type=\"container\">\n\t\t\t\t\t<div class=\"e-con-inner\">\n\t\t\t\t<div class=\"elementor-element elementor-element-c97c7d9 elementor-widget elementor-widget-image\" data-id=\"c97c7d9\" data-element_type=\"widget\" data-widget_type=\"image.default\">\n\t\t\t\t<div class=\"elementor-widget-container\">\n\t\t\t\t\t\t\t\t\t\t\t\t\t<img fetchpriority=\"high\" decoding=\"async\" width=\"682\" height=\"1024\" src=\"https:\/\/esraercankuafor.com\/wp-content\/uploads\/2024\/10\/pngwing.com-29-1023x1536-1-682x1024.png\" class=\"attachment-large size-large wp-image-152\" alt=\"\" srcset=\"https:\/\/esraercankuafor.com\/wp-content\/uploads\/2024\/10\/pngwing.com-29-1023x1536-1-682x1024.png 682w, https:\/\/esraercankuafor.com\/wp-content\/uploads\/2024\/10\/pngwing.com-29-1023x1536-1-200x300.png 200w, https:\/\/esraercankuafor.com\/wp-content\/uploads\/2024\/10\/pngwing.com-29-1023x1536-1-768x1153.png 768w, https:\/\/esraercankuafor.com\/wp-content\/uploads\/2024\/10\/pngwing.com-29-1023x1536-1.png 1023w\" sizes=\"(max-width: 682px) 100vw, 682px\" \/>\t\t\t\t\t\t\t\t\t\t\t\t\t<\/div>\n\t\t\t\t<\/div>\n\t\t\t\t<div class=\"elementor-element elementor-element-e49c253 elementor-widget elementor-widget-image\" data-id=\"e49c253\" data-element_type=\"widget\" data-widget_type=\"image.default\">\n\t\t\t\t<div class=\"elementor-widget-container\">\n\t\t\t\t\t\t\t\t\t\t\t\t\t<img decoding=\"async\" width=\"416\" height=\"534\" src=\"https:\/\/esraercankuafor.com\/wp-content\/uploads\/2024\/10\/fiyattablosu.png\" class=\"attachment-large size-large wp-image-272\" alt=\"\" srcset=\"https:\/\/esraercankuafor.com\/wp-content\/uploads\/2024\/10\/fiyattablosu.png 416w, https:\/\/esraercankuafor.com\/wp-content\/uploads\/2024\/10\/fiyattablosu-234x300.png 234w\" sizes=\"(max-width: 416px) 100vw, 416px\" \/>\t\t\t\t\t\t\t\t\t\t\t\t\t<\/div>\n\t\t\t\t<\/div>\n\t\t\t\t\t<\/div>\n\t\t\t\t<\/div>\n\t\t<div class=\"elementor-element elementor-element-27b90326 e-flex e-con-boxed e-con e-parent\" data-id=\"27b90326\" data-element_type=\"container\" data-settings=\"{&quot;background_background&quot;:&quot;classic&quot;}\">\n\t\t\t\t\t<div class=\"e-con-inner\">\n\t\t\t\t<div class=\"elementor-element elementor-element-463dca0b elementor-widget-divider--view-line elementor-widget elementor-widget-divider\" data-id=\"463dca0b\" data-element_type=\"widget\" data-widget_type=\"divider.default\">\n\t\t\t\t<div class=\"elementor-widget-container\">\n\t\t\t\t\t<div class=\"elementor-divider\">\n\t\t\t<span class=\"elementor-divider-separator\">\n\t\t\t\t\t\t<\/span>\n\t\t<\/div>\n\t\t\t\t<\/div>\n\t\t\t\t<\/div>\n\t\t\t\t\t<\/div>\n\t\t\t\t<\/div>\n\t\t\t\t<\/div>\n\t\t","protected":false},"excerpt":{"rendered":"<p>Fiyatlar<\/p>\n","protected":false},"author":1,"featured_media":0,"parent":0,"menu_order":0,"comment_status":"closed","ping_status":"closed","template":"","meta":{"footnotes":""},"class_list":["post-208","page","type-page","status-publish","hentry"],"yoast_head":"<!-- This site is optimized with the Yoast SEO plugin v23.6 - https:\/\/yoast.com\/wordpress\/plugins\/seo\/ -->\n<title>Fiyatlar - Esra Ercan Bayan Kuaf\u00f6r\u00fc<\/title>\n<meta name=\"robots\" content=\"index, follow, max-snippet:-1, max-image-preview:large, max-video-preview:-1\" \/>\n<link rel=\"canonical\" href=\"https:\/\/esraercankuafor.com\/?page_id=208\" \/>\n<meta property=\"og:locale\" content=\"tr_TR\" \/>\n<meta property=\"og:type\" content=\"article\" \/>\n<meta property=\"og:title\" content=\"Fiyatlar - Esra Ercan Bayan Kuaf\u00f6r\u00fc\" \/>\n<meta property=\"og:description\" content=\"Fiyatlar\" \/>\n<meta property=\"og:url\" content=\"https:\/\/esraercankuafor.com\/?page_id=208\" \/>\n<meta property=\"og:site_name\" content=\"Esra Ercan Bayan Kuaf\u00f6r\u00fc\" \/>\n<meta property=\"article:publisher\" content=\"http:\/\/instagram.com\/\" \/>\n<meta property=\"article:modified_time\" content=\"2024-10-11T12:22:20+00:00\" \/>\n<meta property=\"og:image\" content=\"https:\/\/esraercankuafor.com\/wp-content\/uploads\/2024\/10\/pngwing.com-29-1023x1536-1-682x1024.png\" \/>\n<meta name=\"twitter:card\" content=\"summary_large_image\" \/>\n<script type=\"application\/ld+json\" class=\"yoast-schema-graph\">{\"@context\":\"https:\/\/schema.org\",\"@graph\":[{\"@type\":\"WebPage\",\"@id\":\"https:\/\/esraercankuafor.com\/?page_id=208\",\"url\":\"https:\/\/esraercankuafor.com\/?page_id=208\",\"name\":\"Fiyatlar - Esra Ercan Bayan Kuaf\u00f6r\u00fc\",\"isPartOf\":{\"@id\":\"https:\/\/esraercankuafor.com\/#website\"},\"primaryImageOfPage\":{\"@id\":\"https:\/\/esraercankuafor.com\/?page_id=208#primaryimage\"},\"image\":{\"@id\":\"https:\/\/esraercankuafor.com\/?page_id=208#primaryimage\"},\"thumbnailUrl\":\"https:\/\/esraercankuafor.com\/wp-content\/uploads\/2024\/10\/pngwing.com-29-1023x1536-1-682x1024.png\",\"datePublished\":\"2024-10-09T16:33:29+00:00\",\"dateModified\":\"2024-10-11T12:22:20+00:00\",\"breadcrumb\":{\"@id\":\"https:\/\/esraercankuafor.com\/?page_id=208#breadcrumb\"},\"inLanguage\":\"tr\",\"potentialAction\":[{\"@type\":\"ReadAction\",\"target\":[\"https:\/\/esraercankuafor.com\/?page_id=208\"]}]},{\"@type\":\"ImageObject\",\"inLanguage\":\"tr\",\"@id\":\"https:\/\/esraercankuafor.com\/?page_id=208#primaryimage\",\"url\":\"https:\/\/esraercankuafor.com\/wp-content\/uploads\/2024\/10\/pngwing.com-29-1023x1536-1.png\",\"contentUrl\":\"https:\/\/esraercankuafor.com\/wp-content\/uploads\/2024\/10\/pngwing.com-29-1023x1536-1.png\",\"width\":1023,\"height\":1536},{\"@type\":\"BreadcrumbList\",\"@id\":\"https:\/\/esraercankuafor.com\/?page_id=208#breadcrumb\",\"itemListElement\":[{\"@type\":\"ListItem\",\"position\":1,\"name\":\"Anasayfa\",\"item\":\"https:\/\/esraercankuafor.com\/\"},{\"@type\":\"ListItem\",\"position\":2,\"name\":\"Fiyatlar\"}]},{\"@type\":\"WebSite\",\"@id\":\"https:\/\/esraercankuafor.com\/#website\",\"url\":\"https:\/\/esraercankuafor.com\/\",\"name\":\"Esra Ercan Bayan Kuaf\u00f6r\u00fc\",\"description\":\"\",\"publisher\":{\"@id\":\"https:\/\/esraercankuafor.com\/#organization\"},\"alternateName\":\"Izm\u0131r Kad\u0131n Kuaf\u00f6r\u00fc\",\"potentialAction\":[{\"@type\":\"SearchAction\",\"target\":{\"@type\":\"EntryPoint\",\"urlTemplate\":\"https:\/\/esraercankuafor.com\/?s={search_term_string}\"},\"query-input\":{\"@type\":\"PropertyValueSpecification\",\"valueRequired\":true,\"valueName\":\"search_term_string\"}}],\"inLanguage\":\"tr\"},{\"@type\":\"Organization\",\"@id\":\"https:\/\/esraercankuafor.com\/#organization\",\"name\":\"Esra Ercan Bayan Kuaf\u00f6r\u00fc\",\"alternateName\":\"Izmir Kad\u0131n Kuaf\u00f6r\u00fc\",\"url\":\"https:\/\/esraercankuafor.com\/\",\"logo\":{\"@type\":\"ImageObject\",\"inLanguage\":\"tr\",\"@id\":\"https:\/\/esraercankuafor.com\/#\/schema\/logo\/image\/\",\"url\":\"https:\/\/esraercankuafor.com\/wp-content\/uploads\/2024\/10\/logo.png\",\"contentUrl\":\"https:\/\/esraercankuafor.com\/wp-content\/uploads\/2024\/10\/logo.png\",\"width\":300,\"height\":98,\"caption\":\"Esra Ercan Bayan Kuaf\u00f6r\u00fc\"},\"image\":{\"@id\":\"https:\/\/esraercankuafor.com\/#\/schema\/logo\/image\/\"},\"sameAs\":[\"http:\/\/instagram.com\/\"]}]}<\/script>\n<!-- \/ Yoast SEO plugin. -->","yoast_head_json":{"title":"Fiyatlar - Esra Ercan Bayan Kuaf\u00f6r\u00fc","robots":{"index":"index","follow":"follow","max-snippet":"max-snippet:-1","max-image-preview":"max-image-preview:large","max-video-preview":"max-video-preview:-1"},"canonical":"https:\/\/esraercankuafor.com\/?page_id=208","og_locale":"tr_TR","og_type":"article","og_title":"Fiyatlar - Esra Ercan Bayan Kuaf\u00f6r\u00fc","og_description":"Fiyatlar","og_url":"https:\/\/esraercankuafor.com\/?page_id=208","og_site_name":"Esra Ercan Bayan Kuaf\u00f6r\u00fc","article_publisher":"http:\/\/instagram.com\/","article_modified_time":"2024-10-11T12:22:20+00:00","og_image":[{"url":"https:\/\/esraercankuafor.com\/wp-content\/uploads\/2024\/10\/pngwing.com-29-1023x1536-1-682x1024.png"}],"twitter_card":"summary_large_image","schema":{"@context":"https:\/\/schema.org","@graph":[{"@type":"WebPage","@id":"https:\/\/esraercankuafor.com\/?page_id=208","url":"https:\/\/esraercankuafor.com\/?page_id=208","name":"Fiyatlar - Esra Ercan Bayan Kuaf\u00f6r\u00fc","isPartOf":{"@id":"https:\/\/esraercankuafor.com\/#website"},"primaryImageOfPage":{"@id":"https:\/\/esraercankuafor.com\/?page_id=208#primaryimage"},"image":{"@id":"https:\/\/esraercankuafor.com\/?page_id=208#primaryimage"},"thumbnailUrl":"https:\/\/esraercankuafor.com\/wp-content\/uploads\/2024\/10\/pngwing.com-29-1023x1536-1-682x1024.png","datePublished":"2024-10-09T16:33:29+00:00","dateModified":"2024-10-11T12:22:20+00:00","breadcrumb":{"@id":"https:\/\/esraercankuafor.com\/?page_id=208#breadcrumb"},"inLanguage":"tr","potentialAction":[{"@type":"ReadAction","target":["https:\/\/esraercankuafor.com\/?page_id=208"]}]},{"@type":"ImageObject","inLanguage":"tr","@id":"https:\/\/esraercankuafor.com\/?page_id=208#primaryimage","url":"https:\/\/esraercankuafor.com\/wp-content\/uploads\/2024\/10\/pngwing.com-29-1023x1536-1.png","contentUrl":"https:\/\/esraercankuafor.com\/wp-content\/uploads\/2024\/10\/pngwing.com-29-1023x1536-1.png","width":1023,"height":1536},{"@type":"BreadcrumbList","@id":"https:\/\/esraercankuafor.com\/?page_id=208#breadcrumb","itemListElement":[{"@type":"ListItem","position":1,"name":"Anasayfa","item":"https:\/\/esraercankuafor.com\/"},{"@type":"ListItem","position":2,"name":"Fiyatlar"}]},{"@type":"WebSite","@id":"https:\/\/esraercankuafor.com\/#website","url":"https:\/\/esraercankuafor.com\/","name":"Esra Ercan Bayan Kuaf\u00f6r\u00fc","description":"","publisher":{"@id":"https:\/\/esraercankuafor.com\/#organization"},"alternateName":"Izm\u0131r Kad\u0131n Kuaf\u00f6r\u00fc","potentialAction":[{"@type":"SearchAction","target":{"@type":"EntryPoint","urlTemplate":"https:\/\/esraercankuafor.com\/?s={search_term_string}"},"query-input":{"@type":"PropertyValueSpecification","valueRequired":true,"valueName":"search_term_string"}}],"inLanguage":"tr"},{"@type":"Organization","@id":"https:\/\/esraercankuafor.com\/#organization","name":"Esra Ercan Bayan Kuaf\u00f6r\u00fc","alternateName":"Izmir Kad\u0131n Kuaf\u00f6r\u00fc","url":"https:\/\/esraercankuafor.com\/","logo":{"@type":"ImageObject","inLanguage":"tr","@id":"https:\/\/esraercankuafor.com\/#\/schema\/logo\/image\/","url":"https:\/\/esraercankuafor.com\/wp-content\/uploads\/2024\/10\/logo.png","contentUrl":"https:\/\/esraercankuafor.com\/wp-content\/uploads\/2024\/10\/logo.png","width":300,"height":98,"caption":"Esra Ercan Bayan Kuaf\u00f6r\u00fc"},"image":{"@id":"https:\/\/esraercankuafor.com\/#\/schema\/logo\/image\/"},"sameAs":["http:\/\/instagram.com\/"]}]}},"_links":{"self":[{"href":"https:\/\/esraercankuafor.com\/index.php?rest_route=\/wp\/v2\/pages\/208","targetHints":{"allow":["GET"]}}],"collection":[{"href":"https:\/\/esraercankuafor.com\/index.php?rest_route=\/wp\/v2\/pages"}],"about":[{"href":"https:\/\/esraercankuafor.com\/index.php?rest_route=\/wp\/v2\/types\/page"}],"author":[{"embeddable":true,"href":"https:\/\/esraercankuafor.com\/index.php?rest_route=\/wp\/v2\/users\/1"}],"replies":[{"embeddable":true,"href":"https:\/\/esraercankuafor.com\/index.php?rest_route=%2Fwp%2Fv2%2Fcomments&post=208"}],"version-history":[{"count":22,"href":"https:\/\/esraercankuafor.com\/index.php?rest_route=\/wp\/v2\/pages\/208\/revisions"}],"predecessor-version":[{"id":302,"href":"https:\/\/esraercankuafor.com\/index.php?rest_route=\/wp\/v2\/pages\/208\/revisions\/302"}],"wp:attachment":[{"href":"https:\/\/esraercankuafor.com\/index.php?rest_route=%2Fwp%2Fv2%2Fmedia&parent=208"}],"curies":[{"name":"wp","href":"https:\/\/api.w.org\/{rel}","templated":true}]}}