{"id":228,"date":"2024-10-09T16:55:47","date_gmt":"2024-10-09T16:55:47","guid":{"rendered":"https:\/\/esraercankuafor.com\/?page_id=228"},"modified":"2024-10-10T13:21:55","modified_gmt":"2024-10-10T13:21:55","slug":"iletisim","status":"publish","type":"page","link":"https:\/\/esraercankuafor.com\/?page_id=228","title":{"rendered":"\u0130leti\u015fim"},"content":{"rendered":"\t\t<div data-elementor-type=\"wp-page\" data-elementor-id=\"228\" class=\"elementor elementor-228\">\n\t\t\t\t<div class=\"elementor-element elementor-element-91adf25 e-grid e-con-boxed e-con e-parent\" data-id=\"91adf25\" data-element_type=\"container\" data-settings=\"{&quot;background_background&quot;:&quot;classic&quot;}\">\n\t\t\t\t\t<div class=\"e-con-inner\">\n\t\t\t\t<div class=\"elementor-element elementor-element-7cb5260 elementor-widget elementor-widget-google_maps\" data-id=\"7cb5260\" data-element_type=\"widget\" data-widget_type=\"google_maps.default\">\n\t\t\t\t<div class=\"elementor-widget-container\">\n\t\t\t\t\t<div class=\"elementor-custom-embed\">\n\t\t\t<iframe loading=\"lazy\"\n\t\t\t\t\tsrc=\"https:\/\/maps.google.com\/maps?q=7448%2F18.%20Sk.%2015%2FM%20k%C4%B1rlang%C4%B1%C3%A7%20apt%2035570%20%C4%B0zmir%2C%20Kar%C5%9F%C4%B1yaka%20T%C3%BCrkiye&#038;t=m&#038;z=14&#038;output=embed&#038;iwloc=near\"\n\t\t\t\t\ttitle=\"7448\/18. Sk. 15\/M k\u0131rlang\u0131\u00e7 apt 35570 \u0130zmir, Kar\u015f\u0131yaka T\u00fcrkiye\"\n\t\t\t\t\taria-label=\"7448\/18. Sk. 15\/M k\u0131rlang\u0131\u00e7 apt 35570 \u0130zmir, Kar\u015f\u0131yaka T\u00fcrkiye\"\n\t\t\t><\/iframe>\n\t\t<\/div>\n\t\t\t\t<\/div>\n\t\t\t\t<\/div>\n\t\t\t\t<div class=\"elementor-element elementor-element-87fa8f8 elementor-icon-list--layout-traditional elementor-list-item-link-full_width elementor-widget elementor-widget-icon-list\" data-id=\"87fa8f8\" data-element_type=\"widget\" data-widget_type=\"icon-list.default\">\n\t\t\t\t<div class=\"elementor-widget-container\">\n\t\t\t\t\t<ul class=\"elementor-icon-list-items\">\n\t\t\t\t\t\t\t<li class=\"elementor-icon-list-item\">\n\t\t\t\t\t\t\t\t\t\t<span class=\"elementor-icon-list-text\"><b>Yetkili Ki\u015fi :<\/b> Esra Ercan<\/span>\n\t\t\t\t\t\t\t\t\t<\/li>\n\t\t\t\t\t\t\t\t<li class=\"elementor-icon-list-item\">\n\t\t\t\t\t\t\t\t\t\t<span class=\"elementor-icon-list-text\"><b>Telefon : <\/b>0232 966 07 47<\/span>\n\t\t\t\t\t\t\t\t\t<\/li>\n\t\t\t\t\t\t\t\t<li class=\"elementor-icon-list-item\">\n\t\t\t\t\t\t\t\t\t\t<span class=\"elementor-icon-list-text\"><b>Adres: <\/b>7448\/18. Sk. 15\/M K\u0131rlang\u0131\u00e7 Apartman\u0131 35570 \u0130zmir, Kar\u015f\u0131yaka T\u00fcrkiye<\/span>\n\t\t\t\t\t\t\t\t\t<\/li>\n\t\t\t\t\t\t<\/ul>\n\t\t\t\t<\/div>\n\t\t\t\t<\/div>\n\t\t\t\t<div class=\"elementor-element elementor-element-7495554 elementor-widget elementor-widget-shortcode\" data-id=\"7495554\" data-element_type=\"widget\" data-widget_type=\"shortcode.default\">\n\t\t\t\t<div class=\"elementor-widget-container\">\n\t\t\t\t\t<div class=\"elementor-shortcode\">\n<div class=\"wpcf7 no-js\" id=\"wpcf7-f8-o1\" lang=\"tr-TR\" dir=\"ltr\">\n<div class=\"screen-reader-response\"><p role=\"status\" aria-live=\"polite\" aria-atomic=\"true\"><\/p> <ul><\/ul><\/div>\n<form action=\"\/index.php?rest_route=%2Fwp%2Fv2%2Fpages%2F228#wpcf7-f8-o1\" method=\"post\" class=\"wpcf7-form init\" aria-label=\"\u0130leti\u015fim Formu\" novalidate=\"novalidate\" data-status=\"init\">\n<div style=\"display: none;\">\n<input type=\"hidden\" name=\"_wpcf7\" value=\"8\" \/>\n<input type=\"hidden\" name=\"_wpcf7_version\" value=\"5.9.8\" \/>\n<input type=\"hidden\" name=\"_wpcf7_locale\" value=\"tr_TR\" \/>\n<input type=\"hidden\" name=\"_wpcf7_unit_tag\" value=\"wpcf7-f8-o1\" \/>\n<input type=\"hidden\" name=\"_wpcf7_container_post\" value=\"0\" \/>\n<input type=\"hidden\" name=\"_wpcf7_posted_data_hash\" value=\"\" \/>\n<\/div>\n<p><label> Ad\u0131n\u0131z<br \/>\n<span class=\"wpcf7-form-control-wrap\" data-name=\"your-name\"><input size=\"40\" maxlength=\"400\" class=\"wpcf7-form-control wpcf7-text wpcf7-validates-as-required\" autocomplete=\"name\" aria-required=\"true\" aria-invalid=\"false\" value=\"\" type=\"text\" name=\"your-name\" \/><\/span> <\/label>\n<\/p>\n<p><label> E-posta adresiniz<br \/>\n<span class=\"wpcf7-form-control-wrap\" data-name=\"your-email\"><input size=\"40\" maxlength=\"400\" class=\"wpcf7-form-control wpcf7-email wpcf7-validates-as-required wpcf7-text wpcf7-validates-as-email\" autocomplete=\"email\" aria-required=\"true\" aria-invalid=\"false\" value=\"\" type=\"email\" name=\"your-email\" \/><\/span> <\/label>\n<\/p>\n<p><label> Konu<br \/>\n<span class=\"wpcf7-form-control-wrap\" data-name=\"your-subject\"><input size=\"40\" maxlength=\"400\" class=\"wpcf7-form-control wpcf7-text wpcf7-validates-as-required\" aria-required=\"true\" aria-invalid=\"false\" value=\"\" type=\"text\" name=\"your-subject\" \/><\/span> <\/label>\n<\/p>\n<p><label> \u0130letiniz (tercihe ba\u011fl\u0131)<br \/>\n<span class=\"wpcf7-form-control-wrap\" data-name=\"your-message\"><textarea cols=\"40\" rows=\"10\" maxlength=\"2000\" class=\"wpcf7-form-control wpcf7-textarea\" aria-invalid=\"false\" name=\"your-message\"><\/textarea><\/span> <\/label>\n<\/p>\n<p><input class=\"wpcf7-form-control wpcf7-submit has-spinner\" type=\"submit\" value=\"G\u00f6nder\" \/>\n<\/p><div class=\"wpcf7-response-output\" aria-hidden=\"true\"><\/div>\n<\/form>\n<\/div>\n<\/div>\n\t\t\t\t<\/div>\n\t\t\t\t<\/div>\n\t\t\t\t\t<\/div>\n\t\t\t\t<\/div>\n\t\t<div class=\"elementor-element elementor-element-756533d e-flex e-con-boxed e-con e-parent\" data-id=\"756533d\" data-element_type=\"container\">\n\t\t\t\t\t<div class=\"e-con-inner\">\n\t\t\t\t\t<\/div>\n\t\t\t\t<\/div>\n\t\t\t\t<\/div>\n\t\t","protected":false},"excerpt":{"rendered":"<p>Yetkili Ki\u015fi : Esra Ercan Telefon : 0232 966 07 47 Adres: 7448\/18. Sk. 15\/M K\u0131rlang\u0131\u00e7 Apartman\u0131 35570 \u0130zmir, Kar\u015f\u0131yaka T\u00fcrkiye<\/p>\n","protected":false},"author":1,"featured_media":0,"parent":0,"menu_order":0,"comment_status":"closed","ping_status":"closed","template":"elementor_header_footer","meta":{"footnotes":""},"class_list":["post-228","page","type-page","status-publish","hentry"],"yoast_head":"<!-- This site is optimized with the Yoast SEO plugin v23.6 - https:\/\/yoast.com\/wordpress\/plugins\/seo\/ -->\n<title>\u0130leti\u015fim - Esra Ercan Bayan Kuaf\u00f6r\u00fc<\/title>\n<meta name=\"robots\" content=\"index, follow, max-snippet:-1, max-image-preview:large, max-video-preview:-1\" \/>\n<link rel=\"canonical\" href=\"https:\/\/esraercankuafor.com\/?page_id=228\" \/>\n<meta property=\"og:locale\" content=\"tr_TR\" \/>\n<meta property=\"og:type\" content=\"article\" \/>\n<meta property=\"og:title\" content=\"\u0130leti\u015fim - Esra Ercan Bayan Kuaf\u00f6r\u00fc\" \/>\n<meta property=\"og:description\" content=\"Yetkili Ki\u015fi : Esra Ercan Telefon : 0232 966 07 47 Adres: 7448\/18. Sk. 15\/M K\u0131rlang\u0131\u00e7 Apartman\u0131 35570 \u0130zmir, Kar\u015f\u0131yaka T\u00fcrkiye\" \/>\n<meta property=\"og:url\" content=\"https:\/\/esraercankuafor.com\/?page_id=228\" \/>\n<meta property=\"og:site_name\" content=\"Esra Ercan Bayan Kuaf\u00f6r\u00fc\" \/>\n<meta property=\"article:publisher\" content=\"http:\/\/instagram.com\/\" \/>\n<meta property=\"article:modified_time\" content=\"2024-10-10T13:21:55+00:00\" \/>\n<meta property=\"og:image\" content=\"https:\/\/esraercankuafor.com\/wp-content\/uploads\/2024\/10\/logo.png\" \/>\n\t<meta property=\"og:image:width\" content=\"300\" \/>\n\t<meta property=\"og:image:height\" content=\"98\" \/>\n\t<meta property=\"og:image:type\" content=\"image\/png\" \/>\n<meta name=\"twitter:card\" content=\"summary_large_image\" \/>\n<script type=\"application\/ld+json\" class=\"yoast-schema-graph\">{\"@context\":\"https:\/\/schema.org\",\"@graph\":[{\"@type\":\"WebPage\",\"@id\":\"https:\/\/esraercankuafor.com\/?page_id=228\",\"url\":\"https:\/\/esraercankuafor.com\/?page_id=228\",\"name\":\"\u0130leti\u015fim - Esra Ercan Bayan Kuaf\u00f6r\u00fc\",\"isPartOf\":{\"@id\":\"https:\/\/esraercankuafor.com\/#website\"},\"datePublished\":\"2024-10-09T16:55:47+00:00\",\"dateModified\":\"2024-10-10T13:21:55+00:00\",\"breadcrumb\":{\"@id\":\"https:\/\/esraercankuafor.com\/?page_id=228#breadcrumb\"},\"inLanguage\":\"tr\",\"potentialAction\":[{\"@type\":\"ReadAction\",\"target\":[\"https:\/\/esraercankuafor.com\/?page_id=228\"]}]},{\"@type\":\"BreadcrumbList\",\"@id\":\"https:\/\/esraercankuafor.com\/?page_id=228#breadcrumb\",\"itemListElement\":[{\"@type\":\"ListItem\",\"position\":1,\"name\":\"Anasayfa\",\"item\":\"https:\/\/esraercankuafor.com\/\"},{\"@type\":\"ListItem\",\"position\":2,\"name\":\"\u0130leti\u015fim\"}]},{\"@type\":\"WebSite\",\"@id\":\"https:\/\/esraercankuafor.com\/#website\",\"url\":\"https:\/\/esraercankuafor.com\/\",\"name\":\"Esra Ercan Bayan Kuaf\u00f6r\u00fc\",\"description\":\"\",\"publisher\":{\"@id\":\"https:\/\/esraercankuafor.com\/#organization\"},\"alternateName\":\"Izm\u0131r Kad\u0131n Kuaf\u00f6r\u00fc\",\"potentialAction\":[{\"@type\":\"SearchAction\",\"target\":{\"@type\":\"EntryPoint\",\"urlTemplate\":\"https:\/\/esraercankuafor.com\/?s={search_term_string}\"},\"query-input\":{\"@type\":\"PropertyValueSpecification\",\"valueRequired\":true,\"valueName\":\"search_term_string\"}}],\"inLanguage\":\"tr\"},{\"@type\":\"Organization\",\"@id\":\"https:\/\/esraercankuafor.com\/#organization\",\"name\":\"Esra Ercan Bayan Kuaf\u00f6r\u00fc\",\"alternateName\":\"Izmir Kad\u0131n Kuaf\u00f6r\u00fc\",\"url\":\"https:\/\/esraercankuafor.com\/\",\"logo\":{\"@type\":\"ImageObject\",\"inLanguage\":\"tr\",\"@id\":\"https:\/\/esraercankuafor.com\/#\/schema\/logo\/image\/\",\"url\":\"https:\/\/esraercankuafor.com\/wp-content\/uploads\/2024\/10\/logo.png\",\"contentUrl\":\"https:\/\/esraercankuafor.com\/wp-content\/uploads\/2024\/10\/logo.png\",\"width\":300,\"height\":98,\"caption\":\"Esra Ercan Bayan Kuaf\u00f6r\u00fc\"},\"image\":{\"@id\":\"https:\/\/esraercankuafor.com\/#\/schema\/logo\/image\/\"},\"sameAs\":[\"http:\/\/instagram.com\/\"]}]}<\/script>\n<!-- \/ Yoast SEO plugin. -->","yoast_head_json":{"title":"\u0130leti\u015fim - Esra Ercan Bayan Kuaf\u00f6r\u00fc","robots":{"index":"index","follow":"follow","max-snippet":"max-snippet:-1","max-image-preview":"max-image-preview:large","max-video-preview":"max-video-preview:-1"},"canonical":"https:\/\/esraercankuafor.com\/?page_id=228","og_locale":"tr_TR","og_type":"article","og_title":"\u0130leti\u015fim - Esra Ercan Bayan Kuaf\u00f6r\u00fc","og_description":"Yetkili Ki\u015fi : Esra Ercan Telefon : 0232 966 07 47 Adres: 7448\/18. Sk. 15\/M K\u0131rlang\u0131\u00e7 Apartman\u0131 35570 \u0130zmir, Kar\u015f\u0131yaka T\u00fcrkiye","og_url":"https:\/\/esraercankuafor.com\/?page_id=228","og_site_name":"Esra Ercan Bayan Kuaf\u00f6r\u00fc","article_publisher":"http:\/\/instagram.com\/","article_modified_time":"2024-10-10T13:21:55+00:00","og_image":[{"width":300,"height":98,"url":"https:\/\/esraercankuafor.com\/wp-content\/uploads\/2024\/10\/logo.png","type":"image\/png"}],"twitter_card":"summary_large_image","schema":{"@context":"https:\/\/schema.org","@graph":[{"@type":"WebPage","@id":"https:\/\/esraercankuafor.com\/?page_id=228","url":"https:\/\/esraercankuafor.com\/?page_id=228","name":"\u0130leti\u015fim - Esra Ercan Bayan Kuaf\u00f6r\u00fc","isPartOf":{"@id":"https:\/\/esraercankuafor.com\/#website"},"datePublished":"2024-10-09T16:55:47+00:00","dateModified":"2024-10-10T13:21:55+00:00","breadcrumb":{"@id":"https:\/\/esraercankuafor.com\/?page_id=228#breadcrumb"},"inLanguage":"tr","potentialAction":[{"@type":"ReadAction","target":["https:\/\/esraercankuafor.com\/?page_id=228"]}]},{"@type":"BreadcrumbList","@id":"https:\/\/esraercankuafor.com\/?page_id=228#breadcrumb","itemListElement":[{"@type":"ListItem","position":1,"name":"Anasayfa","item":"https:\/\/esraercankuafor.com\/"},{"@type":"ListItem","position":2,"name":"\u0130leti\u015fim"}]},{"@type":"WebSite","@id":"https:\/\/esraercankuafor.com\/#website","url":"https:\/\/esraercankuafor.com\/","name":"Esra Ercan Bayan Kuaf\u00f6r\u00fc","description":"","publisher":{"@id":"https:\/\/esraercankuafor.com\/#organization"},"alternateName":"Izm\u0131r Kad\u0131n Kuaf\u00f6r\u00fc","potentialAction":[{"@type":"SearchAction","target":{"@type":"EntryPoint","urlTemplate":"https:\/\/esraercankuafor.com\/?s={search_term_string}"},"query-input":{"@type":"PropertyValueSpecification","valueRequired":true,"valueName":"search_term_string"}}],"inLanguage":"tr"},{"@type":"Organization","@id":"https:\/\/esraercankuafor.com\/#organization","name":"Esra Ercan Bayan Kuaf\u00f6r\u00fc","alternateName":"Izmir Kad\u0131n Kuaf\u00f6r\u00fc","url":"https:\/\/esraercankuafor.com\/","logo":{"@type":"ImageObject","inLanguage":"tr","@id":"https:\/\/esraercankuafor.com\/#\/schema\/logo\/image\/","url":"https:\/\/esraercankuafor.com\/wp-content\/uploads\/2024\/10\/logo.png","contentUrl":"https:\/\/esraercankuafor.com\/wp-content\/uploads\/2024\/10\/logo.png","width":300,"height":98,"caption":"Esra Ercan Bayan Kuaf\u00f6r\u00fc"},"image":{"@id":"https:\/\/esraercankuafor.com\/#\/schema\/logo\/image\/"},"sameAs":["http:\/\/instagram.com\/"]}]}},"_links":{"self":[{"href":"https:\/\/esraercankuafor.com\/index.php?rest_route=\/wp\/v2\/pages\/228","targetHints":{"allow":["GET"]}}],"collection":[{"href":"https:\/\/esraercankuafor.com\/index.php?rest_route=\/wp\/v2\/pages"}],"about":[{"href":"https:\/\/esraercankuafor.com\/index.php?rest_route=\/wp\/v2\/types\/page"}],"author":[{"embeddable":true,"href":"https:\/\/esraercankuafor.com\/index.php?rest_route=\/wp\/v2\/users\/1"}],"replies":[{"embeddable":true,"href":"https:\/\/esraercankuafor.com\/index.php?rest_route=%2Fwp%2Fv2%2Fcomments&post=228"}],"version-history":[{"count":13,"href":"https:\/\/esraercankuafor.com\/index.php?rest_route=\/wp\/v2\/pages\/228\/revisions"}],"predecessor-version":[{"id":299,"href":"https:\/\/esraercankuafor.com\/index.php?rest_route=\/wp\/v2\/pages\/228\/revisions\/299"}],"wp:attachment":[{"href":"https:\/\/esraercankuafor.com\/index.php?rest_route=%2Fwp%2Fv2%2Fmedia&parent=228"}],"curies":[{"name":"wp","href":"https:\/\/api.w.org\/{rel}","templated":true}]}}